{"id":6441,"date":"2024-06-12T06:01:22","date_gmt":"2024-06-12T06:01:22","guid":{"rendered":"https:\/\/crowdytheme.com\/wp\/arolax\/inner-pages\/?page_id=6441"},"modified":"2025-01-07T15:34:07","modified_gmt":"2025-01-07T15:34:07","slug":"portefolio","status":"publish","type":"page","link":"https:\/\/mindsondigital.com\/fr\/portefolio\/","title":{"rendered":"Portefeuille"},"content":{"rendered":"<div data-elementor-type=\"wp-page\" data-elementor-id=\"6441\" class=\"elementor elementor-6441\" data-elementor-post-type=\"page\">\n\t\t\t\t<div class=\"elementor-element elementor-element-4808f8a e-flex e-con-boxed e-con e-parent\" data-id=\"4808f8a\" data-element_type=\"container\" data-e-type=\"container\" data-settings=\"{&quot;background_background&quot;:&quot;classic&quot;,&quot;wcf-animation&quot;:&quot;none&quot;}\">\n\t\t\t\t\t<div class=\"e-con-inner\">\n\t\t<div class=\"elementor-element elementor-element-ce45690 e-con-full e-flex e-con e-child\" data-id=\"ce45690\" data-element_type=\"container\" data-e-type=\"container\" data-settings=\"{&quot;wcf-animation&quot;:&quot;none&quot;}\">\n\t\t<div class=\"elementor-element elementor-element-e9ec67b e-con-full e-flex e-con e-child\" data-id=\"e9ec67b\" data-element_type=\"container\" data-e-type=\"container\" data-settings=\"{&quot;wcf_pin_area_start_custom&quot;:&quot;top top+=120&quot;,&quot;wcf_enable_pin_area&quot;:&quot;yes&quot;,&quot;wcf_pin_area_start&quot;:&quot;custom&quot;,&quot;wcf_pin_area_end&quot;:&quot;bottom bottom&quot;,&quot;sticky&quot;:&quot;top&quot;,&quot;sticky_on&quot;:[&quot;widescreen&quot;,&quot;desktop&quot;,&quot;laptop&quot;,&quot;tablet_extra&quot;,&quot;tablet&quot;],&quot;sticky_offset&quot;:20,&quot;sticky_parent&quot;:&quot;yes&quot;,&quot;wcf-animation&quot;:&quot;none&quot;,&quot;wcf_pin_breakpoint&quot;:&quot;mobile&quot;,&quot;sticky_effects_offset&quot;:0,&quot;sticky_anchor_link_offset&quot;:0}\">\n\t\t\t\t<div class=\"elementor-element elementor-element-95f7b5d wcf-t-animation-none elementor-widget elementor-widget-wcf--title\" data-id=\"95f7b5d\" data-element_type=\"widget\" data-e-type=\"widget\" data-settings=\"{&quot;wcf-animation&quot;:&quot;fade&quot;,&quot;fade-from&quot;:&quot;bottom&quot;,&quot;data-duration&quot;:0.75,&quot;fade-offset&quot;:40,&quot;wcf_text_animation&quot;:&quot;none&quot;,&quot;delay&quot;:0.15,&quot;ease&quot;:&quot;power2.out&quot;}\" data-widget_type=\"wcf--title.default\">\n\t\t\t\t<div class=\"elementor-widget-container\">\n\t\t\t\t\t<h2 class=\"wcf--title\">Projets<\/h2>\t\t\t\t<\/div>\n\t\t\t\t<\/div>\n\t\t\t\t<div class=\"elementor-element elementor-element-bac538b wcf-t-animation-none elementor-widget elementor-widget-text-editor\" data-id=\"bac538b\" data-element_type=\"widget\" data-e-type=\"widget\" data-settings=\"{&quot;wcf-animation&quot;:&quot;fade&quot;,&quot;fade-from&quot;:&quot;bottom&quot;,&quot;data-duration&quot;:0.75,&quot;fade-offset&quot;:40,&quot;delay&quot;:0.3,&quot;wcf_text_animation&quot;:&quot;none&quot;,&quot;ease&quot;:&quot;power2.out&quot;}\" data-widget_type=\"text-editor.default\">\n\t\t\t\t<div class=\"elementor-widget-container\">\n\t\t\t\t\t\t\t\t\t<p>Chaque jour, nous nous r\u00e9unissons pour cr\u00e9er, d\u00e9velopper et d\u00e9velopper des entreprises \/ marques. Voici quelques-uns de nos projets.<\/p>\t\t\t\t\t\t\t\t<\/div>\n\t\t\t\t<\/div>\n\t\t\t\t<div class=\"elementor-element elementor-element-52d68ae elementor-widget elementor-widget-wcf--image\" data-id=\"52d68ae\" data-element_type=\"widget\" data-e-type=\"widget\" data-settings=\"{&quot;wcf-animation&quot;:&quot;fade&quot;,&quot;fade-from&quot;:&quot;left&quot;,&quot;data-duration&quot;:0.75,&quot;delay&quot;:0.45,&quot;wcf-image-animation&quot;:&quot;none&quot;,&quot;ease&quot;:&quot;power2.out&quot;,&quot;fade-offset&quot;:50}\" data-widget_type=\"wcf--image.default\">\n\t\t\t\t<div class=\"elementor-widget-container\">\n\t\t\t\t\t\t\t<div class=\"wcf--image\">\r\n\t\t\t<img decoding=\"async\" width=\"40\" height=\"80\" src=\"https:\/\/mindsondigital.com\/wp-content\/uploads\/2024\/06\/Sroll-dark.png\" class=\"attachment-large size-large wp-image-6449\" alt=\"\" \/>\t\t<\/div>\r\n\t\t\t\t\t\t<\/div>\n\t\t\t\t<\/div>\n\t\t\t\t<\/div>\n\t\t<div class=\"elementor-element elementor-element-084e97b e-con-full e-flex e-con e-child\" data-id=\"084e97b\" data-element_type=\"container\" data-e-type=\"container\" data-settings=\"{&quot;wcf-animation&quot;:&quot;none&quot;}\">\n\t\t\t\t<div class=\"elementor-element elementor-element-d7437ca wcf--image-effect-zoom-in elementor-widget elementor-widget-wcf--portfolio\" data-id=\"d7437ca\" data-element_type=\"widget\" data-e-type=\"widget\" data-settings=\"{&quot;wcf-animation&quot;:&quot;fade&quot;,&quot;fade-from&quot;:&quot;bottom&quot;,&quot;data-duration&quot;:0.75,&quot;fade-offset&quot;:40,&quot;delay&quot;:0.15,&quot;ease&quot;:&quot;power2.out&quot;}\" data-widget_type=\"wcf--portfolio.default\">\n\t\t\t\t<div class=\"elementor-widget-container\">\n\t\t\t\t\t<div class=\"wcf__portfolio style-4\">\t\t<div class=\"wrapper\">\r\n\t\t   <div class=\"wcf-posts\">\r\n\t\t        <article class=\"wcf-post post-73 arolax-portfolio type-arolax-portfolio status-publish has-post-thumbnail hentry portfolio-categories-design\">\r\n            <div class=\"post-wrapper\">\r\n\t\t\t\t\t\t<a href=\"https:\/\/mindsondigital.com\/fr\/portfolios\/pure-healthcare\/\" class=\"thumb\" aria-label=\"Portefeuille Thumbnail\">\r\n\t\t\t<img fetchpriority=\"high\" decoding=\"async\" width=\"2560\" height=\"1920\" src=\"https:\/\/mindsondigital.com\/wp-content\/uploads\/2024\/06\/xA4Brochure_PURE02-scaled.jpg.pagespeed.ic_.Su97wSt-Rc.webp\" class=\"attachment-full size-full wp-image-11183\" alt=\"\" srcset=\"https:\/\/mindsondigital.com\/wp-content\/uploads\/2024\/06\/xA4Brochure_PURE02-scaled.jpg.pagespeed.ic_.Su97wSt-Rc.webp 2560w, https:\/\/mindsondigital.com\/wp-content\/uploads\/2024\/06\/xA4Brochure_PURE02-scaled.jpg.pagespeed.ic_.Su97wSt-Rc-300x225.webp 300w, https:\/\/mindsondigital.com\/wp-content\/uploads\/2024\/06\/xA4Brochure_PURE02-scaled.jpg.pagespeed.ic_.Su97wSt-Rc-1024x768.webp 1024w, https:\/\/mindsondigital.com\/wp-content\/uploads\/2024\/06\/xA4Brochure_PURE02-scaled.jpg.pagespeed.ic_.Su97wSt-Rc-768x576.webp 768w, https:\/\/mindsondigital.com\/wp-content\/uploads\/2024\/06\/xA4Brochure_PURE02-scaled.jpg.pagespeed.ic_.Su97wSt-Rc-1536x1152.webp 1536w, https:\/\/mindsondigital.com\/wp-content\/uploads\/2024\/06\/xA4Brochure_PURE02-scaled.jpg.pagespeed.ic_.Su97wSt-Rc-2048x1536.webp 2048w\" sizes=\"(max-width: 2560px) 100vw, 2560px\" \/>\t\t<\/a>\r\n\t\t                <div class=\"content\">\r\n\t\t\t\t\t        <h3 class=\"title\">\r\n\t\tPURE Soins de sant\u00e9        <\/h3>\r\n\t\t\t\t<div class=\"meta\">\r\n\t\t\t\t\t<\/div>\r\n\t\t                <\/div>\r\n            <\/div>\r\n        <\/article>\r\n\t\t        <article class=\"wcf-post post-11249 arolax-portfolio type-arolax-portfolio status-publish has-post-thumbnail hentry portfolio-categories-design\">\r\n            <div class=\"post-wrapper\">\r\n\t\t\t\t\t\t<a href=\"https:\/\/mindsondigital.com\/fr\/portfolios\/vanguard-lawyers\/\" class=\"thumb\" aria-label=\"Portefeuille Thumbnail\">\r\n\t\t\t<img decoding=\"async\" width=\"2362\" height=\"1653\" src=\"https:\/\/mindsondigital.com\/wp-content\/uploads\/2024\/10\/Branding-Mockup-VL.jpg\" class=\"attachment-full size-full wp-image-11251\" alt=\"\" srcset=\"https:\/\/mindsondigital.com\/wp-content\/uploads\/2024\/10\/Branding-Mockup-VL.jpg 2362w, https:\/\/mindsondigital.com\/wp-content\/uploads\/2024\/10\/Branding-Mockup-VL-300x210.jpg 300w, https:\/\/mindsondigital.com\/wp-content\/uploads\/2024\/10\/Branding-Mockup-VL-1024x717.jpg 1024w, https:\/\/mindsondigital.com\/wp-content\/uploads\/2024\/10\/Branding-Mockup-VL-768x537.jpg 768w, https:\/\/mindsondigital.com\/wp-content\/uploads\/2024\/10\/Branding-Mockup-VL-1536x1075.jpg 1536w, https:\/\/mindsondigital.com\/wp-content\/uploads\/2024\/10\/Branding-Mockup-VL-2048x1433.jpg 2048w\" sizes=\"(max-width: 2362px) 100vw, 2362px\" \/>\t\t<\/a>\r\n\t\t                <div class=\"content\">\r\n\t\t\t\t\t        <h3 class=\"title\">\r\n\t\tAvocats d'avant-garde        <\/h3>\r\n\t\t\t\t<div class=\"meta\">\r\n\t\t\t\t\t<\/div>\r\n\t\t                <\/div>\r\n            <\/div>\r\n        <\/article>\r\n\t\t        <article class=\"wcf-post post-11256 arolax-portfolio type-arolax-portfolio status-publish has-post-thumbnail hentry portfolio-categories-design\">\r\n            <div class=\"post-wrapper\">\r\n\t\t\t\t\t\t<a href=\"https:\/\/mindsondigital.com\/fr\/portfolios\/nah-nah-bah\/\" class=\"thumb\" aria-label=\"Portefeuille Thumbnail\">\r\n\t\t\t<img loading=\"lazy\" decoding=\"async\" width=\"2560\" height=\"2153\" src=\"https:\/\/mindsondigital.com\/wp-content\/uploads\/2024\/10\/MOCKUP_NAHNAHBAH-scaled-1.jpg\" class=\"attachment-full size-full wp-image-11261\" alt=\"MOCKUP_NAHNAHBAH\" srcset=\"https:\/\/mindsondigital.com\/wp-content\/uploads\/2024\/10\/MOCKUP_NAHNAHBAH-scaled-1.jpg 2560w, https:\/\/mindsondigital.com\/wp-content\/uploads\/2024\/10\/MOCKUP_NAHNAHBAH-scaled-1-300x252.jpg 300w, https:\/\/mindsondigital.com\/wp-content\/uploads\/2024\/10\/MOCKUP_NAHNAHBAH-scaled-1-1024x861.jpg 1024w, https:\/\/mindsondigital.com\/wp-content\/uploads\/2024\/10\/MOCKUP_NAHNAHBAH-scaled-1-768x646.jpg 768w, https:\/\/mindsondigital.com\/wp-content\/uploads\/2024\/10\/MOCKUP_NAHNAHBAH-scaled-1-1536x1292.jpg 1536w, https:\/\/mindsondigital.com\/wp-content\/uploads\/2024\/10\/MOCKUP_NAHNAHBAH-scaled-1-2048x1722.jpg 2048w\" sizes=\"(max-width: 2560px) 100vw, 2560px\" \/>\t\t<\/a>\r\n\t\t                <div class=\"content\">\r\n\t\t\t\t\t        <h3 class=\"title\">\r\n\t\tNah Nah Bah        <\/h3>\r\n\t\t\t\t<div class=\"meta\">\r\n\t\t\t\t\t<\/div>\r\n\t\t                <\/div>\r\n            <\/div>\r\n        <\/article>\r\n\t\t        <article class=\"wcf-post post-11259 arolax-portfolio type-arolax-portfolio status-publish has-post-thumbnail hentry portfolio-categories-design\">\r\n            <div class=\"post-wrapper\">\r\n\t\t\t\t\t\t<a href=\"https:\/\/mindsondigital.com\/fr\/portfolios\/abigails-cafe\/\" class=\"thumb\" aria-label=\"Portefeuille Thumbnail\">\r\n\t\t\t<img loading=\"lazy\" decoding=\"async\" width=\"2560\" height=\"1920\" src=\"https:\/\/mindsondigital.com\/wp-content\/uploads\/2024\/10\/MOCKUP-ABIGAILS-MOD-copy-scaled-1.jpg\" class=\"attachment-full size-full wp-image-11265\" alt=\"MOCKUP-ABIGAILS-MOD\" srcset=\"https:\/\/mindsondigital.com\/wp-content\/uploads\/2024\/10\/MOCKUP-ABIGAILS-MOD-copy-scaled-1.jpg 2560w, https:\/\/mindsondigital.com\/wp-content\/uploads\/2024\/10\/MOCKUP-ABIGAILS-MOD-copy-scaled-1-300x225.jpg 300w, https:\/\/mindsondigital.com\/wp-content\/uploads\/2024\/10\/MOCKUP-ABIGAILS-MOD-copy-scaled-1-1024x768.jpg 1024w, https:\/\/mindsondigital.com\/wp-content\/uploads\/2024\/10\/MOCKUP-ABIGAILS-MOD-copy-scaled-1-768x576.jpg 768w, https:\/\/mindsondigital.com\/wp-content\/uploads\/2024\/10\/MOCKUP-ABIGAILS-MOD-copy-scaled-1-1536x1152.jpg 1536w, https:\/\/mindsondigital.com\/wp-content\/uploads\/2024\/10\/MOCKUP-ABIGAILS-MOD-copy-scaled-1-2048x1536.jpg 2048w\" sizes=\"(max-width: 2560px) 100vw, 2560px\" \/>\t\t<\/a>\r\n\t\t                <div class=\"content\">\r\n\t\t\t\t\t        <h3 class=\"title\">\r\n\t\tCaf\u00e9 d\u2019Abigail        <\/h3>\r\n\t\t\t\t<div class=\"meta\">\r\n\t\t\t\t\t<\/div>\r\n\t\t                <\/div>\r\n            <\/div>\r\n        <\/article>\r\n\t\t        <article class=\"wcf-post post-11269 arolax-portfolio type-arolax-portfolio status-publish has-post-thumbnail hentry portfolio-categories-design\">\r\n            <div class=\"post-wrapper\">\r\n\t\t\t\t\t\t<a href=\"https:\/\/mindsondigital.com\/fr\/portfolios\/ultraepil\/\" class=\"thumb\" aria-label=\"Portefeuille Thumbnail\">\r\n\t\t\t<img loading=\"lazy\" decoding=\"async\" width=\"2560\" height=\"1746\" src=\"https:\/\/mindsondigital.com\/wp-content\/uploads\/2024\/10\/MOCKUP-BRAND-ULTRAEPIL02-scaled-1.jpg\" class=\"attachment-full size-full wp-image-11271\" alt=\"Ultraepil - Mindson num\u00e9rique\" srcset=\"https:\/\/mindsondigital.com\/wp-content\/uploads\/2024\/10\/MOCKUP-BRAND-ULTRAEPIL02-scaled-1.jpg 2560w, https:\/\/mindsondigital.com\/wp-content\/uploads\/2024\/10\/MOCKUP-BRAND-ULTRAEPIL02-scaled-1-300x205.jpg 300w, https:\/\/mindsondigital.com\/wp-content\/uploads\/2024\/10\/MOCKUP-BRAND-ULTRAEPIL02-scaled-1-1024x698.jpg 1024w, https:\/\/mindsondigital.com\/wp-content\/uploads\/2024\/10\/MOCKUP-BRAND-ULTRAEPIL02-scaled-1-768x524.jpg 768w, https:\/\/mindsondigital.com\/wp-content\/uploads\/2024\/10\/MOCKUP-BRAND-ULTRAEPIL02-scaled-1-1536x1048.jpg 1536w, https:\/\/mindsondigital.com\/wp-content\/uploads\/2024\/10\/MOCKUP-BRAND-ULTRAEPIL02-scaled-1-2048x1397.jpg 2048w\" sizes=\"(max-width: 2560px) 100vw, 2560px\" \/>\t\t<\/a>\r\n\t\t                <div class=\"content\">\r\n\t\t\t\t\t        <h3 class=\"title\">\r\n\t\tUltraEpil        <\/h3>\r\n\t\t\t\t<div class=\"meta\">\r\n\t\t\t\t\t<\/div>\r\n\t\t                <\/div>\r\n            <\/div>\r\n        <\/article>\r\n\t\t        <article class=\"wcf-post post-11258 arolax-portfolio type-arolax-portfolio status-publish has-post-thumbnail hentry portfolio-categories-design\">\r\n            <div class=\"post-wrapper\">\r\n\t\t\t\t\t\t<a href=\"https:\/\/mindsondigital.com\/fr\/portfolios\/apartamentos-turisticos-novochoro\/\" class=\"thumb\" aria-label=\"Portefeuille Thumbnail\">\r\n\t\t\t<img loading=\"lazy\" decoding=\"async\" width=\"2560\" height=\"2206\" src=\"https:\/\/mindsondigital.com\/wp-content\/uploads\/2024\/10\/MOCKUP-NOVOCHORO-scaled-1.jpg\" class=\"attachment-full size-full wp-image-11279\" alt=\"Novochoro-apartments-minds-on-digital\" srcset=\"https:\/\/mindsondigital.com\/wp-content\/uploads\/2024\/10\/MOCKUP-NOVOCHORO-scaled-1.jpg 2560w, https:\/\/mindsondigital.com\/wp-content\/uploads\/2024\/10\/MOCKUP-NOVOCHORO-scaled-1-300x259.jpg 300w, https:\/\/mindsondigital.com\/wp-content\/uploads\/2024\/10\/MOCKUP-NOVOCHORO-scaled-1-1024x882.jpg 1024w, https:\/\/mindsondigital.com\/wp-content\/uploads\/2024\/10\/MOCKUP-NOVOCHORO-scaled-1-768x662.jpg 768w, https:\/\/mindsondigital.com\/wp-content\/uploads\/2024\/10\/MOCKUP-NOVOCHORO-scaled-1-1536x1324.jpg 1536w, https:\/\/mindsondigital.com\/wp-content\/uploads\/2024\/10\/MOCKUP-NOVOCHORO-scaled-1-2048x1765.jpg 2048w\" sizes=\"(max-width: 2560px) 100vw, 2560px\" \/>\t\t<\/a>\r\n\t\t                <div class=\"content\">\r\n\t\t\t\t\t        <h3 class=\"title\">\r\n\t\tAppartements touristiques Novochoro        <\/h3>\r\n\t\t\t\t<div class=\"meta\">\r\n\t\t\t\t\t<\/div>\r\n\t\t                <\/div>\r\n            <\/div>\r\n        <\/article>\r\n\t\t<\/div><\/div><\/div>\t\t\t\t<\/div>\n\t\t\t\t<\/div>\n\t\t\t\t<\/div>\n\t\t\t\t<\/div>\n\t\t\t\t\t<\/div>\n\t\t\t\t<\/div>\n\t\t\t\t<\/div>","protected":false},"excerpt":{"rendered":"<p>Projets Chaque jour, nous nous r\u00e9unissons pour cr\u00e9er, d\u00e9velopper et d\u00e9velopper des entreprises\/marques. Voici quelques-uns de nos projets. PURE Healthcare Vanguard Lawyers Nah Nah Bah Abigail\u2019s Caf\u00e9 UltraEpil Apartments Novochoro<\/p>","protected":false},"author":1,"featured_media":0,"parent":0,"menu_order":0,"comment_status":"closed","ping_status":"closed","template":"elementor_header_footer","meta":{"footnotes":""},"class_list":["post-6441","page","type-page","status-publish","hentry"],"yoast_head":"<!-- This site is optimized with the Yoast SEO plugin v25.2 - https:\/\/yoast.com\/wordpress\/plugins\/seo\/ -->\n<title>Portef\u00f3lio - Minds on Digital<\/title>\n<meta name=\"robots\" content=\"index, follow, max-snippet:-1, max-image-preview:large, max-video-preview:-1\" \/>\n<link rel=\"canonical\" href=\"https:\/\/mindsondigital.com\/fr\/portefolio\/\" \/>\n<meta property=\"og:locale\" content=\"fr_FR\" \/>\n<meta property=\"og:type\" content=\"article\" \/>\n<meta property=\"og:title\" content=\"Portef\u00f3lio - Minds on Digital\" \/>\n<meta property=\"og:description\" content=\"Projetos Todos os dias nos juntamos para criar, desenvolver e fazer crescer neg\u00f3cios\/marcas. Aqui est\u00e3o alguns dos nossos projetos. PURE Healthcare Vanguard Lawyers Nah Nah Bah Abigail&#8217;s Caf\u00e9 UltraEpil Apartamentos Tur\u00edsticos Novochoro\" \/>\n<meta property=\"og:url\" content=\"https:\/\/mindsondigital.com\/fr\/portefolio\/\" \/>\n<meta property=\"og:site_name\" content=\"Minds on Digital\" \/>\n<meta property=\"article:publisher\" content=\"https:\/\/www.facebook.com\/mindsondigital\" \/>\n<meta property=\"article:modified_time\" content=\"2025-01-07T15:34:07+00:00\" \/>\n<meta property=\"og:image\" content=\"https:\/\/mindsondigital.com\/wp-content\/uploads\/2024\/06\/Sroll-dark.png\" \/>\n\t<meta property=\"og:image:width\" content=\"40\" \/>\n\t<meta property=\"og:image:height\" content=\"80\" \/>\n\t<meta property=\"og:image:type\" content=\"image\/png\" \/>\n<meta name=\"twitter:card\" content=\"summary_large_image\" \/>\n<script type=\"application\/ld+json\" class=\"yoast-schema-graph\">{\"@context\":\"https:\/\/schema.org\",\"@graph\":[{\"@type\":\"WebPage\",\"@id\":\"https:\/\/mindsondigital.com\/portefolio\/\",\"url\":\"https:\/\/mindsondigital.com\/portefolio\/\",\"name\":\"Portef\u00f3lio - Minds on Digital\",\"isPartOf\":{\"@id\":\"https:\/\/mindsondigital.com\/#website\"},\"primaryImageOfPage\":{\"@id\":\"https:\/\/mindsondigital.com\/portefolio\/#primaryimage\"},\"image\":{\"@id\":\"https:\/\/mindsondigital.com\/portefolio\/#primaryimage\"},\"thumbnailUrl\":\"https:\/\/mindsondigital.com\/wp-content\/uploads\/2024\/06\/Sroll-dark.png\",\"datePublished\":\"2024-06-12T06:01:22+00:00\",\"dateModified\":\"2025-01-07T15:34:07+00:00\",\"breadcrumb\":{\"@id\":\"https:\/\/mindsondigital.com\/portefolio\/#breadcrumb\"},\"inLanguage\":\"fr-FR\",\"potentialAction\":[{\"@type\":\"ReadAction\",\"target\":[\"https:\/\/mindsondigital.com\/portefolio\/\"]}]},{\"@type\":\"ImageObject\",\"inLanguage\":\"fr-FR\",\"@id\":\"https:\/\/mindsondigital.com\/portefolio\/#primaryimage\",\"url\":\"https:\/\/mindsondigital.com\/wp-content\/uploads\/2024\/06\/Sroll-dark.png\",\"contentUrl\":\"https:\/\/mindsondigital.com\/wp-content\/uploads\/2024\/06\/Sroll-dark.png\"},{\"@type\":\"BreadcrumbList\",\"@id\":\"https:\/\/mindsondigital.com\/portefolio\/#breadcrumb\",\"itemListElement\":[{\"@type\":\"ListItem\",\"position\":1,\"name\":\"In\u00edcio\",\"item\":\"https:\/\/mindsondigital.com\/\"},{\"@type\":\"ListItem\",\"position\":2,\"name\":\"Portef\u00f3lio\"}]},{\"@type\":\"WebSite\",\"@id\":\"https:\/\/mindsondigital.com\/#website\",\"url\":\"https:\/\/mindsondigital.com\/\",\"name\":\"Minds on Digital\",\"description\":\"Est\u00fadio de Marketing Digital\",\"publisher\":{\"@id\":\"https:\/\/mindsondigital.com\/#organization\"},\"potentialAction\":[{\"@type\":\"SearchAction\",\"target\":{\"@type\":\"EntryPoint\",\"urlTemplate\":\"https:\/\/mindsondigital.com\/?s={search_term_string}\"},\"query-input\":{\"@type\":\"PropertyValueSpecification\",\"valueRequired\":true,\"valueName\":\"search_term_string\"}}],\"inLanguage\":\"fr-FR\"},{\"@type\":\"Organization\",\"@id\":\"https:\/\/mindsondigital.com\/#organization\",\"name\":\"Minds on Digital\",\"url\":\"https:\/\/mindsondigital.com\/\",\"logo\":{\"@type\":\"ImageObject\",\"inLanguage\":\"fr-FR\",\"@id\":\"https:\/\/mindsondigital.com\/#\/schema\/logo\/image\/\",\"url\":\"https:\/\/mindsondigital.com\/wp-content\/uploads\/2024\/09\/mindsondigital-logo-purple@2x.png\",\"contentUrl\":\"https:\/\/mindsondigital.com\/wp-content\/uploads\/2024\/09\/mindsondigital-logo-purple@2x.png\",\"width\":1841,\"height\":528,\"caption\":\"Minds on Digital\"},\"image\":{\"@id\":\"https:\/\/mindsondigital.com\/#\/schema\/logo\/image\/\"},\"sameAs\":[\"https:\/\/www.facebook.com\/mindsondigital\",\"https:\/\/www.instagram.com\/mindsondigital\/\",\"https:\/\/pt.linkedin.com\/in\/lucia-ventura-marketer\"]}]}<\/script>\n<!-- \/ Yoast SEO plugin. -->","yoast_head_json":{"title":"Portef\u00f3lio - Minds on Digital","robots":{"index":"index","follow":"follow","max-snippet":"max-snippet:-1","max-image-preview":"max-image-preview:large","max-video-preview":"max-video-preview:-1"},"canonical":"https:\/\/mindsondigital.com\/fr\/portefolio\/","og_locale":"fr_FR","og_type":"article","og_title":"Portef\u00f3lio - Minds on Digital","og_description":"Projetos Todos os dias nos juntamos para criar, desenvolver e fazer crescer neg\u00f3cios\/marcas. Aqui est\u00e3o alguns dos nossos projetos. PURE Healthcare Vanguard Lawyers Nah Nah Bah Abigail&#8217;s Caf\u00e9 UltraEpil Apartamentos Tur\u00edsticos Novochoro","og_url":"https:\/\/mindsondigital.com\/fr\/portefolio\/","og_site_name":"Minds on Digital","article_publisher":"https:\/\/www.facebook.com\/mindsondigital","article_modified_time":"2025-01-07T15:34:07+00:00","og_image":[{"width":40,"height":80,"url":"https:\/\/mindsondigital.com\/wp-content\/uploads\/2024\/06\/Sroll-dark.png","type":"image\/png"}],"twitter_card":"summary_large_image","schema":{"@context":"https:\/\/schema.org","@graph":[{"@type":"WebPage","@id":"https:\/\/mindsondigital.com\/portefolio\/","url":"https:\/\/mindsondigital.com\/portefolio\/","name":"Portef\u00f3lio - Minds on Digital","isPartOf":{"@id":"https:\/\/mindsondigital.com\/#website"},"primaryImageOfPage":{"@id":"https:\/\/mindsondigital.com\/portefolio\/#primaryimage"},"image":{"@id":"https:\/\/mindsondigital.com\/portefolio\/#primaryimage"},"thumbnailUrl":"https:\/\/mindsondigital.com\/wp-content\/uploads\/2024\/06\/Sroll-dark.png","datePublished":"2024-06-12T06:01:22+00:00","dateModified":"2025-01-07T15:34:07+00:00","breadcrumb":{"@id":"https:\/\/mindsondigital.com\/portefolio\/#breadcrumb"},"inLanguage":"fr-FR","potentialAction":[{"@type":"ReadAction","target":["https:\/\/mindsondigital.com\/portefolio\/"]}]},{"@type":"ImageObject","inLanguage":"fr-FR","@id":"https:\/\/mindsondigital.com\/portefolio\/#primaryimage","url":"https:\/\/mindsondigital.com\/wp-content\/uploads\/2024\/06\/Sroll-dark.png","contentUrl":"https:\/\/mindsondigital.com\/wp-content\/uploads\/2024\/06\/Sroll-dark.png"},{"@type":"BreadcrumbList","@id":"https:\/\/mindsondigital.com\/portefolio\/#breadcrumb","itemListElement":[{"@type":"ListItem","position":1,"name":"In\u00edcio","item":"https:\/\/mindsondigital.com\/"},{"@type":"ListItem","position":2,"name":"Portef\u00f3lio"}]},{"@type":"WebSite","@id":"https:\/\/mindsondigital.com\/#website","url":"https:\/\/mindsondigital.com\/","name":"Minds on Digital","description":"Est\u00fadio de Marketing Digital","publisher":{"@id":"https:\/\/mindsondigital.com\/#organization"},"potentialAction":[{"@type":"SearchAction","target":{"@type":"EntryPoint","urlTemplate":"https:\/\/mindsondigital.com\/?s={search_term_string}"},"query-input":{"@type":"PropertyValueSpecification","valueRequired":true,"valueName":"search_term_string"}}],"inLanguage":"fr-FR"},{"@type":"Organization","@id":"https:\/\/mindsondigital.com\/#organization","name":"Minds on Digital","url":"https:\/\/mindsondigital.com\/","logo":{"@type":"ImageObject","inLanguage":"fr-FR","@id":"https:\/\/mindsondigital.com\/#\/schema\/logo\/image\/","url":"https:\/\/mindsondigital.com\/wp-content\/uploads\/2024\/09\/mindsondigital-logo-purple@2x.png","contentUrl":"https:\/\/mindsondigital.com\/wp-content\/uploads\/2024\/09\/mindsondigital-logo-purple@2x.png","width":1841,"height":528,"caption":"Minds on Digital"},"image":{"@id":"https:\/\/mindsondigital.com\/#\/schema\/logo\/image\/"},"sameAs":["https:\/\/www.facebook.com\/mindsondigital","https:\/\/www.instagram.com\/mindsondigital\/","https:\/\/pt.linkedin.com\/in\/lucia-ventura-marketer"]}]}},"_links":{"self":[{"href":"https:\/\/mindsondigital.com\/fr\/wp-json\/wp\/v2\/pages\/6441","targetHints":{"allow":["GET"]}}],"collection":[{"href":"https:\/\/mindsondigital.com\/fr\/wp-json\/wp\/v2\/pages"}],"about":[{"href":"https:\/\/mindsondigital.com\/fr\/wp-json\/wp\/v2\/types\/page"}],"author":[{"embeddable":true,"href":"https:\/\/mindsondigital.com\/fr\/wp-json\/wp\/v2\/users\/1"}],"replies":[{"embeddable":true,"href":"https:\/\/mindsondigital.com\/fr\/wp-json\/wp\/v2\/comments?post=6441"}],"version-history":[{"count":3,"href":"https:\/\/mindsondigital.com\/fr\/wp-json\/wp\/v2\/pages\/6441\/revisions"}],"predecessor-version":[{"id":17029,"href":"https:\/\/mindsondigital.com\/fr\/wp-json\/wp\/v2\/pages\/6441\/revisions\/17029"}],"wp:attachment":[{"href":"https:\/\/mindsondigital.com\/fr\/wp-json\/wp\/v2\/media?parent=6441"}],"curies":[{"name":"wp","href":"https:\/\/api.w.org\/{rel}","templated":true}]}}