{"id":13616,"date":"2024-10-29T14:00:39","date_gmt":"2024-10-29T14:00:39","guid":{"rendered":"https:\/\/mindsondigital.com\/?page_id=13616"},"modified":"2025-01-07T15:43:42","modified_gmt":"2025-01-07T15:43:42","slug":"politica-de-privacidade","status":"publish","type":"page","link":"https:\/\/mindsondigital.com\/fr\/politica-de-privacidade\/","title":{"rendered":"Politique de confidentialit\u00e9"},"content":{"rendered":"<div data-elementor-type=\"wp-page\" data-elementor-id=\"13616\" class=\"elementor elementor-13616\" data-elementor-post-type=\"page\">\n\t\t\t\t<div class=\"elementor-element elementor-element-cd46a4b e-flex e-con-boxed e-con e-parent\" data-id=\"cd46a4b\" data-element_type=\"container\" data-e-type=\"container\" data-settings=\"{&quot;wcf-animation&quot;:&quot;none&quot;}\">\n\t\t\t\t\t<div class=\"e-con-inner\">\n\t\t<div class=\"elementor-element elementor-element-c8ff29a e-con-full e-flex e-con e-child\" data-id=\"c8ff29a\" data-element_type=\"container\" data-e-type=\"container\" data-settings=\"{&quot;wcf-animation&quot;:&quot;none&quot;}\">\n\t\t\t\t<div class=\"elementor-element elementor-element-e7b17e2 elementor-widget__width-initial elementor-widget-mobile__width-inherit wcf-t-animation-none elementor-widget elementor-widget-wcf--title\" data-id=\"e7b17e2\" data-element_type=\"widget\" data-e-type=\"widget\" data-settings=\"{&quot;wcf-animation&quot;:&quot;fade&quot;,&quot;fade-from&quot;:&quot;bottom&quot;,&quot;data-duration&quot;:0.75,&quot;fade-offset&quot;:40,&quot;wcf_text_animation&quot;:&quot;none&quot;,&quot;delay&quot;:0.15,&quot;ease&quot;:&quot;power2.out&quot;}\" data-widget_type=\"wcf--title.default\">\n\t\t\t\t<div class=\"elementor-widget-container\">\n\t\t\t\t\t<h1 class=\"wcf--title\">Politique de confidentialit\u00e9<\/h1>\t\t\t\t<\/div>\n\t\t\t\t<\/div>\n\t\t\t\t<div class=\"elementor-element elementor-element-820c324 wcf-t-animation-none elementor-widget elementor-widget-text-editor\" data-id=\"820c324\" data-element_type=\"widget\" data-e-type=\"widget\" data-settings=\"{&quot;wcf_text_animation&quot;:&quot;none&quot;,&quot;wcf-animation&quot;:&quot;none&quot;}\" data-widget_type=\"text-editor.default\">\n\t\t\t\t<div class=\"elementor-widget-container\">\n\t\t\t\t\t\t\t\t\t<p>Cette politique de confidentialit\u00e9 s'applique \u00e0 toutes les donn\u00e9es personnelles collect\u00e9es par MOD Venture, Unipessoal LDA (ci-apr\u00e8s MOD) par le biais de ses actifs num\u00e9riques. MOD s'engage \u00e0 prot\u00e9ger la vie priv\u00e9e et les donn\u00e9es personnelles de ses utilisateurs, conform\u00e9ment au r\u00e8glement g\u00e9n\u00e9ral sur la protection des donn\u00e9es (RGPD) et \u00e0 toute autre l\u00e9gislation applicable.<\/p>\n<p><!-- \/wp:paragraph --><\/p>\n<p><!-- wp:heading {\"level\":4} --><\/p>\n<h4 class=\"wp-block-heading\">Identification du responsable du traitement des donn\u00e9es:<\/h4>\n<p><!-- \/wp:heading --><\/p>\n<p><!-- wp:paragraph --><\/p>\n<p>Le responsable du traitement des donn\u00e9es est MOD Venture, LDA.<br \/>Vous pouvez contacter le d\u00e9l\u00e9gu\u00e9 \u00e0 la protection des donn\u00e9es \u00e0 l\u2019adresse suivante: <a href=\"mailto: geral@mindsondigital.com.\">geral@mindsondigital.com.<\/a><\/p>\n<p><!-- \/wp:paragraph --><\/p>\n<p><!-- wp:heading {\"level\":4} --><\/p>\n<h4 class=\"wp-block-heading\">Informations sur le traitement des donn\u00e9es \u00e0 caract\u00e8re personnel:<\/h4>\n<p><!-- \/wp:heading --><\/p>\n<p><!-- wp:paragraph --><\/p>\n<p>Le r\u00e8glement g\u00e9n\u00e9ral sur la protection des donn\u00e9es [r\u00e8glement (UE) 2016\/679 du Parlement europ\u00e9en et du Conseil du 27 avril 2016 (ci-apr\u00e8s le \u00abRGPD\u00bb) et la loi no 58\/2019 du 8 ao\u00fbt 2019 garantissent la protection des personnes physiques \u00e0 l\u2019\u00e9gard du traitement des donn\u00e9es \u00e0 caract\u00e8re personnel et la libre circulation de ces donn\u00e9es au sein de l\u2019Union europ\u00e9enne. Par \u00abdonn\u00e9es \u00e0 caract\u00e8re personnel\u00bb, on entend toute information relative \u00e0 une personne physique identifi\u00e9e ou identifiable (\u00abla personne concern\u00e9e\u00bb). Une personne physique identifiable est une personne qui peut \u00eatre identifi\u00e9e, directement ou indirectement, notamment par r\u00e9f\u00e9rence \u00e0 un identifiant tel qu\u2019un nom, un num\u00e9ro d\u2019identification, des donn\u00e9es de localisation, un identifiant en ligne ou \u00e0 un ou plusieurs facteurs sp\u00e9cifiques \u00e0 l\u2019identit\u00e9 physique, physiologique, g\u00e9n\u00e9tique, mentale, \u00e9conomique, culturelle ou sociale de cette personne physique.\u00bb<\/p>\n<p><!-- \/wp:paragraph --><\/p>\n<p><!-- wp:paragraph --><\/p>\n<p>Les donn\u00e9es personnelles fournies par l'utilisateur \u00e0 travers ce <em>site <\/em>seront trait\u00e9es conform\u00e9ment \u00e0 la l\u00e9gislation sur la protection des donn\u00e9es \u00e0 caract\u00e8re personnel, en vertu de laquelle le MOD est responsable du traitement.<br \/>Aucune donn\u00e9e \u00e0 caract\u00e8re personnel sur l\u2019origine raciale ou ethnique, les opinions politiques, les convictions religieuses ou philosophiques, les opinions politiques, l\u2019appartenance syndicale, les donn\u00e9es concernant la sant\u00e9, la vie et l\u2019orientation sexuelles, les donn\u00e9es g\u00e9n\u00e9tiques et biom\u00e9triques n\u2019est demand\u00e9e.<\/p>\n<p><!-- \/wp:paragraph --><\/p>\n<p><!-- wp:paragraph --><\/p>\n<p>Les donn\u00e9es peuvent \u00e9galement \u00eatre transmises \u00e0 des tiers, par exemple \u00e0 des entit\u00e9s auxquelles les donn\u00e9es doivent \u00eatre communiqu\u00e9es par la loi, telles que les autorit\u00e9s polici\u00e8res, les r\u00e9gulateurs, les tribunaux, les organismes gouvernementaux ou d'autres autorit\u00e9s publiques ou entit\u00e9s fournissant des services \u00e0 des tiers. <em>cloud <\/em>et la maintenance des syst\u00e8mes d'information.<\/p>\n<p><!-- \/wp:paragraph --><\/p>\n<p><!-- wp:heading {\"level\":4} --><\/p>\n<h4 class=\"wp-block-heading\">Finalit\u00e9s du traitement des donn\u00e9es \u00e0 caract\u00e8re personnel<\/h4>\n<p><!-- \/wp:heading --><\/p>\n<p><!-- wp:paragraph --><\/p>\n<p>Les donn\u00e9es personnelles trait\u00e9es par ce biais <em>site <\/em>ne seront utilis\u00e9s qu'aux fins suivantes:<\/p>\n<p><!-- \/wp:paragraph --><\/p>\n<p><!-- wp:list --><\/p>\n<ul class=\"wp-block-list\">\n<li style=\"list-style-type: none;\">\n<ul class=\"wp-block-list\"><!-- wp:list-item --><\/ul>\n<\/li>\n<\/ul>\n<ul class=\"wp-block-list\">\n<li style=\"list-style-type: none;\">\n<ul class=\"wp-block-list\">\n<li>Demandes de contact ou d'informations (assistance \u00e0 la client\u00e8le);<\/li>\n<\/ul>\n<\/li>\n<\/ul>\n<p><!-- \/wp:list-item --><\/p>\n<p><!-- wp:list-item --><\/p>\n<ul class=\"wp-block-list\">\n<li style=\"list-style-type: none;\">\n<ul class=\"wp-block-list\">\n<li>Traitement des demandes budg\u00e9taires des services du minist\u00e8re de la d\u00e9fense;<\/li>\n<\/ul>\n<\/li>\n<\/ul>\n<p><!-- \/wp:list-item --><\/p>\n<p><!-- wp:list-item --><\/p>\n<ul class=\"wp-block-list\">\n<li style=\"list-style-type: none;\">\n<ul class=\"wp-block-list\">\n<li>v\u00e9rifier, tenir \u00e0 jour et d\u00e9velopper des syst\u00e8mes et des analyses statistiques;<\/li>\n<\/ul>\n<\/li>\n<\/ul>\n<p><!-- \/wp:list-item --><\/p>\n<p><!-- wp:list-item --><\/p>\n<ul class=\"wp-block-list\">\n<li style=\"list-style-type: none;\">\n<ul class=\"wp-block-list\">\n<li>G\u00e9rer les commentaires et les publications sur vos canaux en ligne;<\/li>\n<\/ul>\n<\/li>\n<\/ul>\n<p><!-- \/wp:list-item --><\/p>\n<p><!-- wp:list-item --><\/p>\n<ul class=\"wp-block-list\">\n<li style=\"list-style-type: none;\">\n<ul class=\"wp-block-list\">\n<li>Actions promotionnelles de communication et de marketing, dans le cas o\u00f9 l'utilisateur a donn\u00e9 son consentement expr\u00e8s.<\/li>\n<\/ul>\n<\/li>\n<\/ul>\n<p><!-- \/wp:list-item --><\/p>\n<p><!-- \/wp:list --><\/p>\n<p><!-- wp:paragraph --><\/p>\n<p>La base juridique du traitement des donn\u00e9es \u00e0 caract\u00e8re personnel aux fins susmentionn\u00e9es est l'ex\u00e9cution d'un contrat avec la personne concern\u00e9e (ou des \u00e9tapes pr\u00e9contractuelles), le consentement explicite ou le respect d'une obligation l\u00e9gale.<br \/>L'absence de r\u00e9ponse aux donn\u00e9es marqu\u00e9es comme obligatoires implique l'impossibilit\u00e9 de r\u00e9pondre \u00e0 la demande de la personne concern\u00e9e. <strong>Responsable du traitement des donn\u00e9es<\/strong> Le responsable du traitement des donn\u00e9es est la personne physique ou morale qui d\u00e9termine (individuellement ou conjointement avec d'autres personnes) les finalit\u00e9s et la mani\u00e8re dont les informations personnelles sont ou seront trait\u00e9es.<br \/>Aux fins de la pr\u00e9sente politique de confidentialit\u00e9, nous (MOD) sommes le responsable du traitement de vos donn\u00e9es personnelles.<\/p>\n<p><!-- \/wp:paragraph --><\/p>\n<p><!-- wp:heading {\"level\":4} --><\/p>\n<h4 class=\"wp-block-heading\">Politique de confidentialit\u00e9<\/h4>\n<p><!-- \/wp:heading --><\/p>\n<p><!-- wp:paragraph --><\/p>\n<p>Lors de la saisie de ce site Web, des cookies sont utilis\u00e9s, c'est-\u00e0-dire de petits fichiers texte plac\u00e9s sur le disque dur par un serveur de pages Web, qui permettent une meilleure exp\u00e9rience de navigation et un acc\u00e8s \u00e0 d'autres fonctionnalit\u00e9s du site Web, tout cela pour fournir un service d'excellence \u00e0 l'utilisateur.<\/p>\n<p><!-- \/wp:paragraph --><\/p>\n<p><!-- wp:heading {\"level\":4} --><\/p>\n<h4 class=\"wp-block-heading\">Collecte de donn\u00e9es \u00e0 caract\u00e8re personnel<\/h4>\n<p><!-- \/wp:heading --><\/p>\n<p><!-- wp:paragraph --><\/p>\n<p>Les donn\u00e9es personnelles collect\u00e9es sur ce site sont destin\u00e9es \u00e0 r\u00e9pondre aux demandes de contact, de devis, d'informations en g\u00e9n\u00e9ral, et \u00e0 des fins l\u00e9gales n\u00e9cessaires si vous concluez un contrat ou une transaction commerciale avec notre soci\u00e9t\u00e9. Les donn\u00e9es ne sont pas transmises \u00e0 des tiers.<\/p>\n<p><!-- \/wp:paragraph --><\/p>\n<p><!-- wp:paragraph --><\/p>\n<p>Les donn\u00e9es des utilisateurs sont stock\u00e9es sur des serveurs cloud situ\u00e9s dans l'Union europ\u00e9enne. Ces serveurs sont prot\u00e9g\u00e9s et entretenus selon les normes de s\u00e9curit\u00e9 les plus \u00e9lev\u00e9es et en respectant toujours les lois applicables en mati\u00e8re de confidentialit\u00e9.<\/p>\n<p><!-- \/wp:paragraph --><\/p>\n<p><!-- wp:heading {\"level\":4} --><\/p>\n<h4 class=\"wp-block-heading\">Droits des personnes concern\u00e9es<\/h4>\n<p><!-- \/wp:heading --><\/p>\n<p><!-- wp:paragraph --><\/p>\n<p>En vertu du RGPD et de la loi n\u00b0 58\/2019 du 8 ao\u00fbt, l'Utilisateur peut exercer, \u00e0 tout moment et gratuitement, ses droits d'acc\u00e8s, de rectification, d'oubli, de limitation, de portabilit\u00e9, d'opposition et de r\u00e9vocation du consentement. Pour retirer votre consentement au traitement de vos donn\u00e9es, il vous suffit de nous envoyer cette demande par e-mail \u00e0 <a href=\"mailto:geral@mindsondigital.com\">geral@mindsondigital.com<\/a>.<\/p>\n<p><!-- \/wp:paragraph --><\/p>\n<p><!-- wp:paragraph --><\/p>\n<p>La personne concern\u00e9e a \u00e9galement le droit de d\u00e9poser une plainte aupr\u00e8s de la Commission nationale de la protection des donn\u00e9es (CNPD)\u00a0<a href=\"https:\/\/www.cnpd.pt\/\" target=\"_blank\" rel=\"noopener\">www.cnpd.pt<\/a>\u00a0en ce qui concerne les questions relatives \u00e0 l'exercice de vos droits et \u00e0 la protection de vos donn\u00e9es \u00e0 caract\u00e8re personnel.<\/p>\n<p><!-- \/wp:paragraph --><\/p>\n<p><!-- wp:heading {\"level\":4} --><\/p>\n<h4 class=\"wp-block-heading\">P\u00e9riode pendant laquelle nous stockons les donn\u00e9es<\/h4>\n<p><!-- \/wp:heading --><\/p>\n<p><!-- wp:paragraph --><\/p>\n<p>Minds On Digital conservera vos donn\u00e9es personnelles pendant la p\u00e9riode n\u00e9cessaire \u00e0 la fourniture des services, \u00e0 la facturation respective et aux fins mentionn\u00e9es.<\/p>\n<p><!-- \/wp:paragraph --><\/p>\n<p><!-- wp:heading {\"level\":4} --><\/p>\n<h4 class=\"wp-block-heading\">Liste des cookies<\/h4>\n<p><!-- \/wp:heading --><\/p>\n<p><!-- wp:paragraph --><\/p>\n<p>Les cookies sont de petits fichiers texte qui sont stock\u00e9s sur votre ordinateur lorsque vous visitez un site Web. Nous utilisons des cookies \u00e0 des fins diverses et pour am\u00e9liorer votre exp\u00e9rience sur notre site Web (par exemple, pour m\u00e9moriser les informations de connexion de votre compte).<\/p>\n<p><!-- \/wp:paragraph --><\/p>\n<p><!-- wp:paragraph --><\/p>\n<p>Vous pouvez modifier vos pr\u00e9f\u00e9rences et refuser de stocker certains types de cookies sur votre ordinateur lorsque vous naviguez sur notre site Web. Vous pouvez \u00e9galement supprimer tous les cookies d\u00e9j\u00e0 stock\u00e9s sur votre ordinateur, mais rappelez-vous que la suppression des cookies peut emp\u00eacher l'utilisation de certaines zones de notre site.<\/p>\n<p><!-- \/wp:paragraph --><\/p>\n<p><!-- wp:paragraph --><\/p>\n<p>Nous utilisons des cookies et d'autres technologies de suivi aux fins suivantes:<\/p>\n<p><!-- \/wp:paragraph --><\/p>\n<p><!-- wp:heading {\"level\":4} --><\/p>\n<h4 class=\"wp-block-heading\">Cookies strictement n\u00e9cessaires<\/h4>\n<p><!-- \/wp:heading --><\/p>\n<p><!-- wp:paragraph --><\/p>\n<p>Ces cookies sont essentiels pour fournir les services disponibles sur notre site Web et vous permettre d'utiliser certaines fonctionnalit\u00e9s de notre site Web.<br \/>Sans ces cookies, nous ne pouvons pas fournir certains services sur notre site Web.<\/p>\n<p><!-- \/wp:paragraph --><\/p>\n<p><!-- wp:heading {\"level\":4} --><\/p>\n<h4 class=\"wp-block-heading\">Cookies de performance<\/h4>\n<p><!-- \/wp:heading --><\/p>\n<p><!-- wp:paragraph --><\/p>\n<p>Ces cookies nous permettent de compter les visites et les sources de trafic afin que nous puissions mesurer et am\u00e9liorer les performances de notre site Web. Ils nous aident \u00e0 savoir quelles pages sont les plus et les moins populaires et \u00e0 voir comment les visiteurs se d\u00e9placent sur le site Web. Toutes les informations collect\u00e9es par ces cookies sont agr\u00e9g\u00e9es et donc anonymes. Si vous n'autorisez pas ces cookies, nous ne saurons pas quand vous avez visit\u00e9 notre site Web.<\/p>\n<p><!-- \/wp:paragraph --><\/p>\n<p><!-- wp:heading {\"level\":4} --><\/p>\n<h4 class=\"wp-block-heading\">Cookies de fonctionnalit\u00e9<\/h4>\n<p><!-- \/wp:heading --><\/p>\n<p><!-- wp:paragraph --><\/p>\n<p>Ces cookies sont utilis\u00e9s pour fournir une exp\u00e9rience plus personnalis\u00e9e sur notre site Web et pour m\u00e9moriser les choix que vous faites lors de l'utilisation de notre site Web.<br \/>Par exemple, nous pouvons utiliser des cookies de fonctionnalit\u00e9 pour m\u00e9moriser vos pr\u00e9f\u00e9rences linguistiques et\/ou vos informations de connexion.<\/p>\n<p><!-- \/wp:paragraph --><\/p>\n<p><!-- wp:heading {\"level\":4} --><\/p>\n<h4 class=\"wp-block-heading\">Cookies publicitaires<\/h4>\n<p><!-- \/wp:heading --><\/p>\n<p><!-- wp:paragraph --><\/p>\n<p>Ces cookies sont utilis\u00e9s pour afficher des publicit\u00e9s susceptibles de vous int\u00e9resser en fonction de vos habitudes et comportements de navigation.<br \/>Ces cookies, fournis par nos fournisseurs de contenu et\/ou de publicit\u00e9, peuvent combiner les informations collect\u00e9es sur notre site Web avec d'autres informations collect\u00e9es ind\u00e9pendamment dans le cadre des activit\u00e9s sur le r\u00e9seau de sites Web de votre navigateur. Si vous choisissez de supprimer ou de d\u00e9sactiver ces cookies de ciblage ou de publicit\u00e9, vous verrez toujours des annonces, mais elles peuvent ne pas \u00eatre pertinentes pour vous.<\/p>\n<p><!-- \/wp:paragraph --><\/p>\n<p><!-- wp:paragraph --><\/p>\n<h4>Plus d'informations<\/h4>\n<p><!-- \/wp:paragraph --><\/p>\n<p><!-- wp:paragraph --><\/p>\n<p>Pour toute question concernant notre politique en mati\u00e8re de cookies et vos options, veuillez nous contacter.<\/p>\n<p><!-- \/wp:paragraph --><\/p>\t\t\t\t\t\t\t\t<\/div>\n\t\t\t\t<\/div>\n\t\t\t\t<\/div>\n\t\t\t\t\t<\/div>\n\t\t\t\t<\/div>\n\t\t\t\t<\/div>","protected":false},"excerpt":{"rendered":"<p>Cette politique de confidentialit\u00e9 s'applique \u00e0 toutes les donn\u00e9es personnelles collect\u00e9es par MOD Venture, Unipessoal LDA (ci-apr\u00e8s MOD) par le biais de ses actifs num\u00e9riques. MOD s'engage \u00e0 prot\u00e9ger la vie priv\u00e9e et les donn\u00e9es personnelles de ses utilisateurs, conform\u00e9ment au r\u00e8glement g\u00e9n\u00e9ral sur la protection des donn\u00e9es (RGPD) et \u00e0 toute autre l\u00e9gislation applicable. Identification de [...]<\/p>","protected":false},"author":1,"featured_media":0,"parent":0,"menu_order":0,"comment_status":"closed","ping_status":"closed","template":"elementor_header_footer","meta":{"footnotes":""},"class_list":["post-13616","page","type-page","status-publish","hentry"],"yoast_head":"<!-- This site is optimized with the Yoast SEO plugin v25.2 - https:\/\/yoast.com\/wordpress\/plugins\/seo\/ -->\n<title>Pol\u00edtica de privacidade - Minds on Digital<\/title>\n<meta name=\"robots\" content=\"index, follow, max-snippet:-1, max-image-preview:large, max-video-preview:-1\" \/>\n<link rel=\"canonical\" href=\"https:\/\/mindsondigital.com\/fr\/politica-de-privacidade\/\" \/>\n<meta property=\"og:locale\" content=\"fr_FR\" \/>\n<meta property=\"og:type\" content=\"article\" \/>\n<meta property=\"og:title\" content=\"Pol\u00edtica de privacidade - Minds on Digital\" \/>\n<meta property=\"og:description\" content=\"Esta Pol\u00edtica de Privacidade aplica-se a todos os dados pessoais recolhidos pela MOD Venture, Unipessoal LDA (doravante MOD) atrav\u00e9s dos seus ativos digitais. A MOD compromete-se a proteger a privacidade e os dados pessoais dos seus utilizadores, em conformidade com o Regulamento Geral sobre a Prote\u00e7\u00e3o de Dados (RGPD) e demais legisla\u00e7\u00e3o aplic\u00e1vel. Identifica\u00e7\u00e3o do [&hellip;]\" \/>\n<meta property=\"og:url\" content=\"https:\/\/mindsondigital.com\/fr\/politica-de-privacidade\/\" \/>\n<meta property=\"og:site_name\" content=\"Minds on Digital\" \/>\n<meta property=\"article:publisher\" content=\"https:\/\/www.facebook.com\/mindsondigital\" \/>\n<meta property=\"article:modified_time\" content=\"2025-01-07T15:43:42+00:00\" \/>\n<meta name=\"twitter:card\" content=\"summary_large_image\" \/>\n<meta name=\"twitter:label1\" content=\"Dur\u00e9e de lecture estim\u00e9e\" \/>\n\t<meta name=\"twitter:data1\" content=\"6 minutes\" \/>\n<script type=\"application\/ld+json\" class=\"yoast-schema-graph\">{\"@context\":\"https:\/\/schema.org\",\"@graph\":[{\"@type\":\"WebPage\",\"@id\":\"https:\/\/mindsondigital.com\/politica-de-privacidade\/\",\"url\":\"https:\/\/mindsondigital.com\/politica-de-privacidade\/\",\"name\":\"Pol\u00edtica de privacidade - Minds on Digital\",\"isPartOf\":{\"@id\":\"https:\/\/mindsondigital.com\/#website\"},\"datePublished\":\"2024-10-29T14:00:39+00:00\",\"dateModified\":\"2025-01-07T15:43:42+00:00\",\"breadcrumb\":{\"@id\":\"https:\/\/mindsondigital.com\/politica-de-privacidade\/#breadcrumb\"},\"inLanguage\":\"fr-FR\",\"potentialAction\":[{\"@type\":\"ReadAction\",\"target\":[\"https:\/\/mindsondigital.com\/politica-de-privacidade\/\"]}]},{\"@type\":\"BreadcrumbList\",\"@id\":\"https:\/\/mindsondigital.com\/politica-de-privacidade\/#breadcrumb\",\"itemListElement\":[{\"@type\":\"ListItem\",\"position\":1,\"name\":\"In\u00edcio\",\"item\":\"https:\/\/mindsondigital.com\/\"},{\"@type\":\"ListItem\",\"position\":2,\"name\":\"Pol\u00edtica de privacidade\"}]},{\"@type\":\"WebSite\",\"@id\":\"https:\/\/mindsondigital.com\/#website\",\"url\":\"https:\/\/mindsondigital.com\/\",\"name\":\"Minds on Digital\",\"description\":\"Est\u00fadio de Marketing Digital\",\"publisher\":{\"@id\":\"https:\/\/mindsondigital.com\/#organization\"},\"potentialAction\":[{\"@type\":\"SearchAction\",\"target\":{\"@type\":\"EntryPoint\",\"urlTemplate\":\"https:\/\/mindsondigital.com\/?s={search_term_string}\"},\"query-input\":{\"@type\":\"PropertyValueSpecification\",\"valueRequired\":true,\"valueName\":\"search_term_string\"}}],\"inLanguage\":\"fr-FR\"},{\"@type\":\"Organization\",\"@id\":\"https:\/\/mindsondigital.com\/#organization\",\"name\":\"Minds on Digital\",\"url\":\"https:\/\/mindsondigital.com\/\",\"logo\":{\"@type\":\"ImageObject\",\"inLanguage\":\"fr-FR\",\"@id\":\"https:\/\/mindsondigital.com\/#\/schema\/logo\/image\/\",\"url\":\"https:\/\/mindsondigital.com\/wp-content\/uploads\/2024\/09\/mindsondigital-logo-purple@2x.png\",\"contentUrl\":\"https:\/\/mindsondigital.com\/wp-content\/uploads\/2024\/09\/mindsondigital-logo-purple@2x.png\",\"width\":1841,\"height\":528,\"caption\":\"Minds on Digital\"},\"image\":{\"@id\":\"https:\/\/mindsondigital.com\/#\/schema\/logo\/image\/\"},\"sameAs\":[\"https:\/\/www.facebook.com\/mindsondigital\",\"https:\/\/www.instagram.com\/mindsondigital\/\",\"https:\/\/pt.linkedin.com\/in\/lucia-ventura-marketer\"]}]}<\/script>\n<!-- \/ Yoast SEO plugin. -->","yoast_head_json":{"title":"Pol\u00edtica de privacidade - Minds on Digital","robots":{"index":"index","follow":"follow","max-snippet":"max-snippet:-1","max-image-preview":"max-image-preview:large","max-video-preview":"max-video-preview:-1"},"canonical":"https:\/\/mindsondigital.com\/fr\/politica-de-privacidade\/","og_locale":"fr_FR","og_type":"article","og_title":"Pol\u00edtica de privacidade - Minds on Digital","og_description":"Esta Pol\u00edtica de Privacidade aplica-se a todos os dados pessoais recolhidos pela MOD Venture, Unipessoal LDA (doravante MOD) atrav\u00e9s dos seus ativos digitais. A MOD compromete-se a proteger a privacidade e os dados pessoais dos seus utilizadores, em conformidade com o Regulamento Geral sobre a Prote\u00e7\u00e3o de Dados (RGPD) e demais legisla\u00e7\u00e3o aplic\u00e1vel. Identifica\u00e7\u00e3o do [&hellip;]","og_url":"https:\/\/mindsondigital.com\/fr\/politica-de-privacidade\/","og_site_name":"Minds on Digital","article_publisher":"https:\/\/www.facebook.com\/mindsondigital","article_modified_time":"2025-01-07T15:43:42+00:00","twitter_card":"summary_large_image","twitter_misc":{"Dur\u00e9e de lecture estim\u00e9e":"6 minutes"},"schema":{"@context":"https:\/\/schema.org","@graph":[{"@type":"WebPage","@id":"https:\/\/mindsondigital.com\/politica-de-privacidade\/","url":"https:\/\/mindsondigital.com\/politica-de-privacidade\/","name":"Pol\u00edtica de privacidade - Minds on Digital","isPartOf":{"@id":"https:\/\/mindsondigital.com\/#website"},"datePublished":"2024-10-29T14:00:39+00:00","dateModified":"2025-01-07T15:43:42+00:00","breadcrumb":{"@id":"https:\/\/mindsondigital.com\/politica-de-privacidade\/#breadcrumb"},"inLanguage":"fr-FR","potentialAction":[{"@type":"ReadAction","target":["https:\/\/mindsondigital.com\/politica-de-privacidade\/"]}]},{"@type":"BreadcrumbList","@id":"https:\/\/mindsondigital.com\/politica-de-privacidade\/#breadcrumb","itemListElement":[{"@type":"ListItem","position":1,"name":"In\u00edcio","item":"https:\/\/mindsondigital.com\/"},{"@type":"ListItem","position":2,"name":"Pol\u00edtica de privacidade"}]},{"@type":"WebSite","@id":"https:\/\/mindsondigital.com\/#website","url":"https:\/\/mindsondigital.com\/","name":"Minds on Digital","description":"Est\u00fadio de Marketing Digital","publisher":{"@id":"https:\/\/mindsondigital.com\/#organization"},"potentialAction":[{"@type":"SearchAction","target":{"@type":"EntryPoint","urlTemplate":"https:\/\/mindsondigital.com\/?s={search_term_string}"},"query-input":{"@type":"PropertyValueSpecification","valueRequired":true,"valueName":"search_term_string"}}],"inLanguage":"fr-FR"},{"@type":"Organization","@id":"https:\/\/mindsondigital.com\/#organization","name":"Minds on Digital","url":"https:\/\/mindsondigital.com\/","logo":{"@type":"ImageObject","inLanguage":"fr-FR","@id":"https:\/\/mindsondigital.com\/#\/schema\/logo\/image\/","url":"https:\/\/mindsondigital.com\/wp-content\/uploads\/2024\/09\/mindsondigital-logo-purple@2x.png","contentUrl":"https:\/\/mindsondigital.com\/wp-content\/uploads\/2024\/09\/mindsondigital-logo-purple@2x.png","width":1841,"height":528,"caption":"Minds on Digital"},"image":{"@id":"https:\/\/mindsondigital.com\/#\/schema\/logo\/image\/"},"sameAs":["https:\/\/www.facebook.com\/mindsondigital","https:\/\/www.instagram.com\/mindsondigital\/","https:\/\/pt.linkedin.com\/in\/lucia-ventura-marketer"]}]}},"_links":{"self":[{"href":"https:\/\/mindsondigital.com\/fr\/wp-json\/wp\/v2\/pages\/13616","targetHints":{"allow":["GET"]}}],"collection":[{"href":"https:\/\/mindsondigital.com\/fr\/wp-json\/wp\/v2\/pages"}],"about":[{"href":"https:\/\/mindsondigital.com\/fr\/wp-json\/wp\/v2\/types\/page"}],"author":[{"embeddable":true,"href":"https:\/\/mindsondigital.com\/fr\/wp-json\/wp\/v2\/users\/1"}],"replies":[{"embeddable":true,"href":"https:\/\/mindsondigital.com\/fr\/wp-json\/wp\/v2\/comments?post=13616"}],"version-history":[{"count":2,"href":"https:\/\/mindsondigital.com\/fr\/wp-json\/wp\/v2\/pages\/13616\/revisions"}],"predecessor-version":[{"id":15834,"href":"https:\/\/mindsondigital.com\/fr\/wp-json\/wp\/v2\/pages\/13616\/revisions\/15834"}],"wp:attachment":[{"href":"https:\/\/mindsondigital.com\/fr\/wp-json\/wp\/v2\/media?parent=13616"}],"curies":[{"name":"wp","href":"https:\/\/api.w.org\/{rel}","templated":true}]}}