{"id":13616,"date":"2024-10-29T14:00:39","date_gmt":"2024-10-29T14:00:39","guid":{"rendered":"https:\/\/mindsondigital.com\/?page_id=13616"},"modified":"2025-01-07T15:43:42","modified_gmt":"2025-01-07T15:43:42","slug":"politica-de-privacidade","status":"publish","type":"page","link":"https:\/\/mindsondigital.com\/en\/politica-de-privacidade\/","title":{"rendered":"Privacy Policy"},"content":{"rendered":"<div data-elementor-type=\"wp-page\" data-elementor-id=\"13616\" class=\"elementor elementor-13616\" data-elementor-post-type=\"page\">\n\t\t\t\t<div class=\"elementor-element elementor-element-cd46a4b e-flex e-con-boxed e-con e-parent\" data-id=\"cd46a4b\" data-element_type=\"container\" data-e-type=\"container\" data-settings=\"{&quot;wcf-animation&quot;:&quot;none&quot;}\">\n\t\t\t\t\t<div class=\"e-con-inner\">\n\t\t<div class=\"elementor-element elementor-element-c8ff29a e-con-full e-flex e-con e-child\" data-id=\"c8ff29a\" data-element_type=\"container\" data-e-type=\"container\" data-settings=\"{&quot;wcf-animation&quot;:&quot;none&quot;}\">\n\t\t\t\t<div class=\"elementor-element elementor-element-e7b17e2 elementor-widget__width-initial elementor-widget-mobile__width-inherit wcf-t-animation-none elementor-widget elementor-widget-wcf--title\" data-id=\"e7b17e2\" data-element_type=\"widget\" data-e-type=\"widget\" data-settings=\"{&quot;wcf-animation&quot;:&quot;fade&quot;,&quot;fade-from&quot;:&quot;bottom&quot;,&quot;data-duration&quot;:0.75,&quot;fade-offset&quot;:40,&quot;wcf_text_animation&quot;:&quot;none&quot;,&quot;delay&quot;:0.15,&quot;ease&quot;:&quot;power2.out&quot;}\" data-widget_type=\"wcf--title.default\">\n\t\t\t\t<div class=\"elementor-widget-container\">\n\t\t\t\t\t<h1 class=\"wcf--title\">Privacy Policy<\/h1>\t\t\t\t<\/div>\n\t\t\t\t<\/div>\n\t\t\t\t<div class=\"elementor-element elementor-element-820c324 wcf-t-animation-none elementor-widget elementor-widget-text-editor\" data-id=\"820c324\" data-element_type=\"widget\" data-e-type=\"widget\" data-settings=\"{&quot;wcf_text_animation&quot;:&quot;none&quot;,&quot;wcf-animation&quot;:&quot;none&quot;}\" data-widget_type=\"text-editor.default\">\n\t\t\t\t<div class=\"elementor-widget-container\">\n\t\t\t\t\t\t\t\t\t<p>This Privacy Policy applies to all personal data collected by MOD Venture, Unipessoal LDA (hereinafter MOD) through its digital assets. MOD is committed to protecting the privacy and personal data of its users, in accordance with the General Data Protection Regulation (GDPR) and other applicable legislation.<\/p>\n<p><!-- \/wp:paragraph --><\/p>\n<p><!-- wp:heading {\"level\":4} --><\/p>\n<h4 class=\"wp-block-heading\">Identification of the data controller:<\/h4>\n<p><!-- \/wp:heading --><\/p>\n<p><!-- wp:paragraph --><\/p>\n<p>The data controller is MOD Venture, LDA.<br \/>You can contact the Data Protection Officer at: <a href=\"mailto: geral@mindsondigital.com.\">geral@mindsondigital.com.<\/a><\/p>\n<p><!-- \/wp:paragraph --><\/p>\n<p><!-- wp:heading {\"level\":4} --><\/p>\n<h4 class=\"wp-block-heading\">Information on the processing of personal data:<\/h4>\n<p><!-- \/wp:heading --><\/p>\n<p><!-- wp:paragraph --><\/p>\n<p>The General Data Protection Regulation (Regulation (EU) 2016\/679 of the European Parliament and of the Council of 27 April 2016 (\u201cGDPR\u201d) and Law No 58\/2019 of 8 August 2019 ensure the protection of natural persons with regard to the processing of personal data and the free movement of such data within the European Union. \u201cPersonal data\u201d means any information relating to an identified or identifiable natural person (\u201cthe data subject\u201d). An identifiable natural person is one who can be identified, directly or indirectly, in particular by reference to an identifier such as a name, an identification number, location data, an online identifier or to one or more factors specific to the physical, physiological, genetic, mental, economic, cultural or social identity of that natural person.\u201d<\/p>\n<p><!-- \/wp:paragraph --><\/p>\n<p><!-- wp:paragraph --><\/p>\n<p>The personal data provided by the user through this <em>website <\/em>will be processed in accordance with the legislation on the protection of personal data, under which the MOD is responsible for the processing.<br \/>No personal data on racial or ethnic origin, political opinions, religious or philosophical beliefs, political opinions, trade union membership, data concerning health, sexual life and orientation, genetic and biometric data shall be requested.<\/p>\n<p><!-- \/wp:paragraph --><\/p>\n<p><!-- wp:paragraph --><\/p>\n<p>The data may also be transmitted to third parties, for example to entities to which the data must be communicated by law, such as police authorities, regulators, courts, government bodies or other public authorities or entities providing services to third parties. <em>cloud <\/em>and maintenance of information systems.<\/p>\n<p><!-- \/wp:paragraph --><\/p>\n<p><!-- wp:heading {\"level\":4} --><\/p>\n<h4 class=\"wp-block-heading\">Purposes of the processing of personal data<\/h4>\n<p><!-- \/wp:heading --><\/p>\n<p><!-- wp:paragraph --><\/p>\n<p>The personal data processed through this <em>website <\/em>will only be used for the following purposes:<\/p>\n<p><!-- \/wp:paragraph --><\/p>\n<p><!-- wp:list --><\/p>\n<ul class=\"wp-block-list\">\n<li style=\"list-style-type: none;\">\n<ul class=\"wp-block-list\"><!-- wp:list-item --><\/ul>\n<\/li>\n<\/ul>\n<ul class=\"wp-block-list\">\n<li style=\"list-style-type: none;\">\n<ul class=\"wp-block-list\">\n<li>Contact requests or information (customer support);<\/li>\n<\/ul>\n<\/li>\n<\/ul>\n<p><!-- \/wp:list-item --><\/p>\n<p><!-- wp:list-item --><\/p>\n<ul class=\"wp-block-list\">\n<li style=\"list-style-type: none;\">\n<ul class=\"wp-block-list\">\n<li>Processing of budget requests from MOD services;<\/li>\n<\/ul>\n<\/li>\n<\/ul>\n<p><!-- \/wp:list-item --><\/p>\n<p><!-- wp:list-item --><\/p>\n<ul class=\"wp-block-list\">\n<li style=\"list-style-type: none;\">\n<ul class=\"wp-block-list\">\n<li>verify, maintain and develop statistical systems and analyses;<\/li>\n<\/ul>\n<\/li>\n<\/ul>\n<p><!-- \/wp:list-item --><\/p>\n<p><!-- wp:list-item --><\/p>\n<ul class=\"wp-block-list\">\n<li style=\"list-style-type: none;\">\n<ul class=\"wp-block-list\">\n<li>Manage comments and posts on your online channels;<\/li>\n<\/ul>\n<\/li>\n<\/ul>\n<p><!-- \/wp:list-item --><\/p>\n<p><!-- wp:list-item --><\/p>\n<ul class=\"wp-block-list\">\n<li style=\"list-style-type: none;\">\n<ul class=\"wp-block-list\">\n<li>Promotional communication and marketing actions, in case the user has given his express consent.<\/li>\n<\/ul>\n<\/li>\n<\/ul>\n<p><!-- \/wp:list-item --><\/p>\n<p><!-- \/wp:list --><\/p>\n<p><!-- wp:paragraph --><\/p>\n<p>The legal basis for the processing of personal data for the aforementioned purposes is the performance of a contract with the data subject (or pre-contractual steps), explicit consent or compliance with a legal obligation.<br \/>The lack of response to the data marked as mandatory implies the impossibility of responding to the request of the data subject. <strong>Data controller<\/strong> The Data Controller is the natural or legal person who determines (individually or jointly with other persons) the purposes and the way in which personal information is or will be processed.<br \/>For the purposes of this Privacy Policy, we (MOD) are the Data Controller of your Personal Data.<\/p>\n<p><!-- \/wp:paragraph --><\/p>\n<p><!-- wp:heading {\"level\":4} --><\/p>\n<h4 class=\"wp-block-heading\">Privacy Policy<\/h4>\n<p><!-- \/wp:heading --><\/p>\n<p><!-- wp:paragraph --><\/p>\n<p>When entering this website cookies are used, that is, small text files that are placed on the hard drive by a web page server, which allow a better browsing experience and access to other features of the website, all this to provide a service of excellence to the user.<\/p>\n<p><!-- \/wp:paragraph --><\/p>\n<p><!-- wp:heading {\"level\":4} --><\/p>\n<h4 class=\"wp-block-heading\">Collection of personal data<\/h4>\n<p><!-- \/wp:heading --><\/p>\n<p><!-- wp:paragraph --><\/p>\n<p>The personal data collected on this website are intended to respond to requests for contact, quotes, information in general, and for legal purposes necessary if you enter into any contract or commercial transaction with our company. The data is not transmitted to third parties.<\/p>\n<p><!-- \/wp:paragraph --><\/p>\n<p><!-- wp:paragraph --><\/p>\n<p>User data is stored on cloud servers located in the European Union. These servers are protected and maintained according to the highest security standards and always respecting the applicable privacy laws.<\/p>\n<p><!-- \/wp:paragraph --><\/p>\n<p><!-- wp:heading {\"level\":4} --><\/p>\n<h4 class=\"wp-block-heading\">Rights of data subjects<\/h4>\n<p><!-- \/wp:heading --><\/p>\n<p><!-- wp:paragraph --><\/p>\n<p>Under the RGPD and Law no. 58\/2019, of August 8, the User may exercise, at any time and free of charge, their rights of access, rectification, forgetfulness, limitation, portability, opposition and revocation of consent. To withdraw your consent to the processing of your data, simply send us this request by email to <a href=\"mailto:geral@mindsondigital.com\">geral@mindsondigital.com<\/a>.<\/p>\n<p><!-- \/wp:paragraph --><\/p>\n<p><!-- wp:paragraph --><\/p>\n<p>The data subject also has the right to lodge a complaint with the National Data Protection Commission (CNPD)\u00a0<a href=\"https:\/\/www.cnpd.pt\/\" target=\"_blank\" rel=\"noopener\">www.cnpd.pt<\/a>\u00a0in relation to matters relating to the exercise of your rights and the protection of your personal data.<\/p>\n<p><!-- \/wp:paragraph --><\/p>\n<p><!-- wp:heading {\"level\":4} --><\/p>\n<h4 class=\"wp-block-heading\">Period of time during which we store the data<\/h4>\n<p><!-- \/wp:heading --><\/p>\n<p><!-- wp:paragraph --><\/p>\n<p>Minds On Digital will keep your personal data for the period necessary to provide the services, respective billing and referred purposes.<\/p>\n<p><!-- \/wp:paragraph --><\/p>\n<p><!-- wp:heading {\"level\":4} --><\/p>\n<h4 class=\"wp-block-heading\">List of cookies<\/h4>\n<p><!-- \/wp:heading --><\/p>\n<p><!-- wp:paragraph --><\/p>\n<p>Cookies are small text files that are stored on your computer when you visit a website. We use cookies for various purposes and to enhance your experience on our website (for example, to remember your account login details).<\/p>\n<p><!-- \/wp:paragraph --><\/p>\n<p><!-- wp:paragraph --><\/p>\n<p>You can change your preferences and refuse to store certain types of cookies on your computer while browsing our website. You can also remove all cookies already stored on your computer, but remember that deleting cookies may prevent the use of certain areas on our site.<\/p>\n<p><!-- \/wp:paragraph --><\/p>\n<p><!-- wp:paragraph --><\/p>\n<p>We use cookies and other tracking technologies for the following purposes:<\/p>\n<p><!-- \/wp:paragraph --><\/p>\n<p><!-- wp:heading {\"level\":4} --><\/p>\n<h4 class=\"wp-block-heading\">Strictly Necessary Cookies<\/h4>\n<p><!-- \/wp:heading --><\/p>\n<p><!-- wp:paragraph --><\/p>\n<p>These cookies are essential to provide services available on our website and allow you to use certain features on our website.<br \/>Without these cookies, we cannot provide certain services on our website.<\/p>\n<p><!-- \/wp:paragraph --><\/p>\n<p><!-- wp:heading {\"level\":4} --><\/p>\n<h4 class=\"wp-block-heading\">Performance cookies<\/h4>\n<p><!-- \/wp:heading --><\/p>\n<p><!-- wp:paragraph --><\/p>\n<p>These cookies allow us to count visits and traffic sources so that we can measure and improve the performance of our website. They help us to know which pages are the most and least popular and to see how visitors move around the website. All information collected by these cookies is aggregated and therefore anonymous. If you do not allow these cookies, we will not know when you visited our website.<\/p>\n<p><!-- \/wp:paragraph --><\/p>\n<p><!-- wp:heading {\"level\":4} --><\/p>\n<h4 class=\"wp-block-heading\">Functionality cookies<\/h4>\n<p><!-- \/wp:heading --><\/p>\n<p><!-- wp:paragraph --><\/p>\n<p>These cookies are used to provide a more personalized experience on our website and to remember the choices you make when using our website.<br \/>For example, we may use functionality cookies to remember your language preferences and\/or your login details.<\/p>\n<p><!-- \/wp:paragraph --><\/p>\n<p><!-- wp:heading {\"level\":4} --><\/p>\n<h4 class=\"wp-block-heading\">Advertising cookies<\/h4>\n<p><!-- \/wp:heading --><\/p>\n<p><!-- wp:paragraph --><\/p>\n<p>These cookies are used to show advertising that may interest you based on your browsing habits and behaviors.<br \/>These cookies, served by our content and\/or advertising providers, may combine the information collected on our website with other information collected independently in connection with activities on your browser's network of websites. If you choose to remove or disable these targeting or advertising cookies, you will still see ads, but they may not be relevant to you.<\/p>\n<p><!-- \/wp:paragraph --><\/p>\n<p><!-- wp:paragraph --><\/p>\n<h4>More information<\/h4>\n<p><!-- \/wp:paragraph --><\/p>\n<p><!-- wp:paragraph --><\/p>\n<p>For any questions about our cookie policy and your options, please contact us.<\/p>\n<p><!-- \/wp:paragraph --><\/p>\t\t\t\t\t\t\t\t<\/div>\n\t\t\t\t<\/div>\n\t\t\t\t<\/div>\n\t\t\t\t\t<\/div>\n\t\t\t\t<\/div>\n\t\t\t\t<\/div>","protected":false},"excerpt":{"rendered":"<p>This Privacy Policy applies to all personal data collected by MOD Venture, Unipessoal LDA (hereinafter MOD) through its digital assets. MOD is committed to protecting the privacy and personal data of its users, in accordance with the General Data Protection Regulation (GDPR) and other applicable legislation. Identification of the [...]<\/p>","protected":false},"author":1,"featured_media":0,"parent":0,"menu_order":0,"comment_status":"closed","ping_status":"closed","template":"elementor_header_footer","meta":{"footnotes":""},"class_list":["post-13616","page","type-page","status-publish","hentry"],"yoast_head":"<!-- This site is optimized with the Yoast SEO plugin v25.2 - https:\/\/yoast.com\/wordpress\/plugins\/seo\/ -->\n<title>Pol\u00edtica de privacidade - Minds on Digital<\/title>\n<meta name=\"robots\" content=\"index, follow, max-snippet:-1, max-image-preview:large, max-video-preview:-1\" \/>\n<link rel=\"canonical\" href=\"https:\/\/mindsondigital.com\/en\/politica-de-privacidade\/\" \/>\n<meta property=\"og:locale\" content=\"en_GB\" \/>\n<meta property=\"og:type\" content=\"article\" \/>\n<meta property=\"og:title\" content=\"Pol\u00edtica de privacidade - Minds on Digital\" \/>\n<meta property=\"og:description\" content=\"Esta Pol\u00edtica de Privacidade aplica-se a todos os dados pessoais recolhidos pela MOD Venture, Unipessoal LDA (doravante MOD) atrav\u00e9s dos seus ativos digitais. A MOD compromete-se a proteger a privacidade e os dados pessoais dos seus utilizadores, em conformidade com o Regulamento Geral sobre a Prote\u00e7\u00e3o de Dados (RGPD) e demais legisla\u00e7\u00e3o aplic\u00e1vel. Identifica\u00e7\u00e3o do [&hellip;]\" \/>\n<meta property=\"og:url\" content=\"https:\/\/mindsondigital.com\/en\/politica-de-privacidade\/\" \/>\n<meta property=\"og:site_name\" content=\"Minds on Digital\" \/>\n<meta property=\"article:publisher\" content=\"https:\/\/www.facebook.com\/mindsondigital\" \/>\n<meta property=\"article:modified_time\" content=\"2025-01-07T15:43:42+00:00\" \/>\n<meta name=\"twitter:card\" content=\"summary_large_image\" \/>\n<meta name=\"twitter:label1\" content=\"Estimated reading time\" \/>\n\t<meta name=\"twitter:data1\" content=\"6 minutes\" \/>\n<script type=\"application\/ld+json\" class=\"yoast-schema-graph\">{\"@context\":\"https:\/\/schema.org\",\"@graph\":[{\"@type\":\"WebPage\",\"@id\":\"https:\/\/mindsondigital.com\/politica-de-privacidade\/\",\"url\":\"https:\/\/mindsondigital.com\/politica-de-privacidade\/\",\"name\":\"Pol\u00edtica de privacidade - Minds on Digital\",\"isPartOf\":{\"@id\":\"https:\/\/mindsondigital.com\/#website\"},\"datePublished\":\"2024-10-29T14:00:39+00:00\",\"dateModified\":\"2025-01-07T15:43:42+00:00\",\"breadcrumb\":{\"@id\":\"https:\/\/mindsondigital.com\/politica-de-privacidade\/#breadcrumb\"},\"inLanguage\":\"en-GB\",\"potentialAction\":[{\"@type\":\"ReadAction\",\"target\":[\"https:\/\/mindsondigital.com\/politica-de-privacidade\/\"]}]},{\"@type\":\"BreadcrumbList\",\"@id\":\"https:\/\/mindsondigital.com\/politica-de-privacidade\/#breadcrumb\",\"itemListElement\":[{\"@type\":\"ListItem\",\"position\":1,\"name\":\"In\u00edcio\",\"item\":\"https:\/\/mindsondigital.com\/\"},{\"@type\":\"ListItem\",\"position\":2,\"name\":\"Pol\u00edtica de privacidade\"}]},{\"@type\":\"WebSite\",\"@id\":\"https:\/\/mindsondigital.com\/#website\",\"url\":\"https:\/\/mindsondigital.com\/\",\"name\":\"Minds on Digital\",\"description\":\"Est\u00fadio de Marketing Digital\",\"publisher\":{\"@id\":\"https:\/\/mindsondigital.com\/#organization\"},\"potentialAction\":[{\"@type\":\"SearchAction\",\"target\":{\"@type\":\"EntryPoint\",\"urlTemplate\":\"https:\/\/mindsondigital.com\/?s={search_term_string}\"},\"query-input\":{\"@type\":\"PropertyValueSpecification\",\"valueRequired\":true,\"valueName\":\"search_term_string\"}}],\"inLanguage\":\"en-GB\"},{\"@type\":\"Organization\",\"@id\":\"https:\/\/mindsondigital.com\/#organization\",\"name\":\"Minds on Digital\",\"url\":\"https:\/\/mindsondigital.com\/\",\"logo\":{\"@type\":\"ImageObject\",\"inLanguage\":\"en-GB\",\"@id\":\"https:\/\/mindsondigital.com\/#\/schema\/logo\/image\/\",\"url\":\"https:\/\/mindsondigital.com\/wp-content\/uploads\/2024\/09\/mindsondigital-logo-purple@2x.png\",\"contentUrl\":\"https:\/\/mindsondigital.com\/wp-content\/uploads\/2024\/09\/mindsondigital-logo-purple@2x.png\",\"width\":1841,\"height\":528,\"caption\":\"Minds on Digital\"},\"image\":{\"@id\":\"https:\/\/mindsondigital.com\/#\/schema\/logo\/image\/\"},\"sameAs\":[\"https:\/\/www.facebook.com\/mindsondigital\",\"https:\/\/www.instagram.com\/mindsondigital\/\",\"https:\/\/pt.linkedin.com\/in\/lucia-ventura-marketer\"]}]}<\/script>\n<!-- \/ Yoast SEO plugin. -->","yoast_head_json":{"title":"Pol\u00edtica de privacidade - Minds on Digital","robots":{"index":"index","follow":"follow","max-snippet":"max-snippet:-1","max-image-preview":"max-image-preview:large","max-video-preview":"max-video-preview:-1"},"canonical":"https:\/\/mindsondigital.com\/en\/politica-de-privacidade\/","og_locale":"en_GB","og_type":"article","og_title":"Pol\u00edtica de privacidade - Minds on Digital","og_description":"Esta Pol\u00edtica de Privacidade aplica-se a todos os dados pessoais recolhidos pela MOD Venture, Unipessoal LDA (doravante MOD) atrav\u00e9s dos seus ativos digitais. A MOD compromete-se a proteger a privacidade e os dados pessoais dos seus utilizadores, em conformidade com o Regulamento Geral sobre a Prote\u00e7\u00e3o de Dados (RGPD) e demais legisla\u00e7\u00e3o aplic\u00e1vel. Identifica\u00e7\u00e3o do [&hellip;]","og_url":"https:\/\/mindsondigital.com\/en\/politica-de-privacidade\/","og_site_name":"Minds on Digital","article_publisher":"https:\/\/www.facebook.com\/mindsondigital","article_modified_time":"2025-01-07T15:43:42+00:00","twitter_card":"summary_large_image","twitter_misc":{"Estimated reading time":"6 minutes"},"schema":{"@context":"https:\/\/schema.org","@graph":[{"@type":"WebPage","@id":"https:\/\/mindsondigital.com\/politica-de-privacidade\/","url":"https:\/\/mindsondigital.com\/politica-de-privacidade\/","name":"Pol\u00edtica de privacidade - Minds on Digital","isPartOf":{"@id":"https:\/\/mindsondigital.com\/#website"},"datePublished":"2024-10-29T14:00:39+00:00","dateModified":"2025-01-07T15:43:42+00:00","breadcrumb":{"@id":"https:\/\/mindsondigital.com\/politica-de-privacidade\/#breadcrumb"},"inLanguage":"en-GB","potentialAction":[{"@type":"ReadAction","target":["https:\/\/mindsondigital.com\/politica-de-privacidade\/"]}]},{"@type":"BreadcrumbList","@id":"https:\/\/mindsondigital.com\/politica-de-privacidade\/#breadcrumb","itemListElement":[{"@type":"ListItem","position":1,"name":"In\u00edcio","item":"https:\/\/mindsondigital.com\/"},{"@type":"ListItem","position":2,"name":"Pol\u00edtica de privacidade"}]},{"@type":"WebSite","@id":"https:\/\/mindsondigital.com\/#website","url":"https:\/\/mindsondigital.com\/","name":"Minds on Digital","description":"Est\u00fadio de Marketing Digital","publisher":{"@id":"https:\/\/mindsondigital.com\/#organization"},"potentialAction":[{"@type":"SearchAction","target":{"@type":"EntryPoint","urlTemplate":"https:\/\/mindsondigital.com\/?s={search_term_string}"},"query-input":{"@type":"PropertyValueSpecification","valueRequired":true,"valueName":"search_term_string"}}],"inLanguage":"en-GB"},{"@type":"Organization","@id":"https:\/\/mindsondigital.com\/#organization","name":"Minds on Digital","url":"https:\/\/mindsondigital.com\/","logo":{"@type":"ImageObject","inLanguage":"en-GB","@id":"https:\/\/mindsondigital.com\/#\/schema\/logo\/image\/","url":"https:\/\/mindsondigital.com\/wp-content\/uploads\/2024\/09\/mindsondigital-logo-purple@2x.png","contentUrl":"https:\/\/mindsondigital.com\/wp-content\/uploads\/2024\/09\/mindsondigital-logo-purple@2x.png","width":1841,"height":528,"caption":"Minds on Digital"},"image":{"@id":"https:\/\/mindsondigital.com\/#\/schema\/logo\/image\/"},"sameAs":["https:\/\/www.facebook.com\/mindsondigital","https:\/\/www.instagram.com\/mindsondigital\/","https:\/\/pt.linkedin.com\/in\/lucia-ventura-marketer"]}]}},"_links":{"self":[{"href":"https:\/\/mindsondigital.com\/en\/wp-json\/wp\/v2\/pages\/13616","targetHints":{"allow":["GET"]}}],"collection":[{"href":"https:\/\/mindsondigital.com\/en\/wp-json\/wp\/v2\/pages"}],"about":[{"href":"https:\/\/mindsondigital.com\/en\/wp-json\/wp\/v2\/types\/page"}],"author":[{"embeddable":true,"href":"https:\/\/mindsondigital.com\/en\/wp-json\/wp\/v2\/users\/1"}],"replies":[{"embeddable":true,"href":"https:\/\/mindsondigital.com\/en\/wp-json\/wp\/v2\/comments?post=13616"}],"version-history":[{"count":2,"href":"https:\/\/mindsondigital.com\/en\/wp-json\/wp\/v2\/pages\/13616\/revisions"}],"predecessor-version":[{"id":15834,"href":"https:\/\/mindsondigital.com\/en\/wp-json\/wp\/v2\/pages\/13616\/revisions\/15834"}],"wp:attachment":[{"href":"https:\/\/mindsondigital.com\/en\/wp-json\/wp\/v2\/media?parent=13616"}],"curies":[{"name":"wp","href":"https:\/\/api.w.org\/{rel}","templated":true}]}}